{"id":64,"date":"2025-12-14T09:29:44","date_gmt":"2025-12-14T09:29:44","guid":{"rendered":"http:\/\/www.minimorphsculpts.com\/?page_id=64"},"modified":"2026-02-02T14:49:39","modified_gmt":"2026-02-02T14:49:39","slug":"about","status":"publish","type":"page","link":"https:\/\/www.minimorphsculpts.com\/en\/about\/","title":{"rendered":"About"},"content":{"rendered":"<h1 class=\"wp-block-heading\">Quality handmade Miniatures, made in France<\/h1>\n\n\n\n<div class=\"wp-block-group is-layout-constrained wp-block-group-is-layout-constrained\">\n<h2 class=\"wp-block-heading\">About myself<\/h2>\n\n\n\n<p>My name is <strong>David Lefebvre<\/strong>, a miniature sculptor based in Grenoble, France, born in 1986. I design and create <strong>hand-sculpted miniatures<\/strong> for tabletop wargaming, painting, and collection.<\/p>\n\n\n\n<p>I have been passionate about miniatures since childhood, starting with <em>Warhammer<\/em> and later focusing on skirmish games. After years of converting existing models, I began sculpting my own miniatures <strong>from scratch<\/strong>in 2019. I am self-taught, continuously learning through community feedback and key encounters, including working alongside <strong>Allan Carrasco<\/strong> during several <em>Figostock<\/em>events, and through my involvement in the <strong>Kartel Grenoblois<\/strong>.<\/p>\n\n\n\n<p>My work is mainly rooted in <strong>heroic fantasy<\/strong>, with a strong focus on <strong>anthropomorphic animals<\/strong>, and occasional ventures into <strong>post-apocalyptic science fiction<\/strong>. Most of my miniatures originate from my imagination, within worlds that are constantly evolving. These universes are influenced by games such as <em>Mordheim<\/em>, <em>Necromunda<\/em> and <em>Burrows and Badgers<\/em>, as well as comic art and illustration.<\/p>\n<\/div>\n\n\n\n<div class=\"wp-block-group is-layout-constrained wp-block-group-is-layout-constrained\">\n<h2 class=\"wp-block-heading\">MiniMorph Sculpts miniatures<\/h2>\n\n\n\n<p>All miniatures are <strong>hand-sculpted<\/strong>, primarily using <strong>Fimo and Milliput<\/strong>, and <strong>molded and cast by hand in France<\/strong>, ensuring consistent quality and attention to detail. Production is done in <strong>small runs or on demand<\/strong>, until the molds reach the end of their lifespan\u2014favoring craftsmanship over mass production.<\/p>\n\n\n\n<p>Quality, originality, and passion are at the core of everything I create.<\/p>\n\n\n\n<p>In late 2024, I launched my brand <strong>MiniMorph Sculpts<\/strong> with my first <strong>Kickstarter campaign<\/strong>, marking a major milestone and allowing me to share my work with an international community of players, painters, and collectors.<br>Since then, I have successfully funded and delivered the following projects:<\/p>\n\n\n\n<figure class=\"wp-block-image aligncenter size-full\"><a href=\"https:\/\/www.kickstarter.com\/projects\/minimorph\/minimorph-squirrels-of-deepwood\/\" target=\"_blank\" rel=\" noreferrer noopener\"><img loading=\"lazy\" decoding=\"async\" width=\"640\" height=\"358\" src=\"https:\/\/www.minimorphsculpts.com\/wp-content\/uploads\/2026\/01\/SquirrelsOfDeepwood-1.webp\" alt=\"\" class=\"wp-image-816\" srcset=\"https:\/\/www.minimorphsculpts.com\/wp-content\/uploads\/2026\/01\/SquirrelsOfDeepwood-1.webp 640w, https:\/\/www.minimorphsculpts.com\/wp-content\/uploads\/2026\/01\/SquirrelsOfDeepwood-1-300x168.webp 300w, https:\/\/www.minimorphsculpts.com\/wp-content\/uploads\/2026\/01\/SquirrelsOfDeepwood-1-600x336.webp 600w\" sizes=\"auto, (max-width: 640px) 100vw, 640px\" \/><\/a><\/figure>\n\n\n\n<hr class=\"wp-block-separator has-alpha-channel-opacity\"\/>\n\n\n\n<figure class=\"wp-block-image aligncenter size-full\"><a href=\"https:\/\/www.kickstarter.com\/projects\/minimorph\/minimorph-shallow-marsh-wars\/\" target=\"_blank\" rel=\" noreferrer noopener\"><img loading=\"lazy\" decoding=\"async\" width=\"640\" height=\"360\" src=\"https:\/\/www.minimorphsculpts.com\/wp-content\/uploads\/2026\/01\/ShallowMarshWars-1.webp\" alt=\"\" class=\"wp-image-815\" srcset=\"https:\/\/www.minimorphsculpts.com\/wp-content\/uploads\/2026\/01\/ShallowMarshWars-1.webp 640w, https:\/\/www.minimorphsculpts.com\/wp-content\/uploads\/2026\/01\/ShallowMarshWars-1-300x169.webp 300w, https:\/\/www.minimorphsculpts.com\/wp-content\/uploads\/2026\/01\/ShallowMarshWars-1-600x338.webp 600w\" sizes=\"auto, (max-width: 640px) 100vw, 640px\" \/><\/a><\/figure>\n\n\n\n<hr class=\"wp-block-separator has-alpha-channel-opacity\"\/>\n\n\n\n<div class=\"wp-block-group is-layout-constrained wp-block-group-is-layout-constrained\">\n<p>new Kickstarter project is currently in development: <em>Post A Punk<\/em>, post-apocalyptic range <strong>co-sculpted with Alexandre Vallet<\/strong>, blending a bold oldschool style in an insane mix of\u00a0chaos, in a world where\u00a0 <strong>mutants, scavengers, and punk survivors collide<\/strong>.<\/p>\n\n\n\n<figure class=\"wp-block-image aligncenter size-full\"><a href=\"https:\/\/www.kickstarter.com\/projects\/minimorph\/posta-punk\/\" target=\"_blank\" rel=\" noreferrer noopener\"><img loading=\"lazy\" decoding=\"async\" width=\"640\" height=\"360\" src=\"https:\/\/www.minimorphsculpts.com\/wp-content\/uploads\/2026\/01\/PostAPunk.webp\" alt=\"\" class=\"wp-image-814\" srcset=\"https:\/\/www.minimorphsculpts.com\/wp-content\/uploads\/2026\/01\/PostAPunk.webp 640w, https:\/\/www.minimorphsculpts.com\/wp-content\/uploads\/2026\/01\/PostAPunk-300x169.webp 300w, https:\/\/www.minimorphsculpts.com\/wp-content\/uploads\/2026\/01\/PostAPunk-600x338.webp 600w\" sizes=\"auto, (max-width: 640px) 100vw, 640px\" \/><\/a><\/figure>\n<\/div>\n<\/div>\n\n\n\n<hr class=\"wp-block-separator has-alpha-channel-opacity\"\/>\n\n\n\n<div class=\"wp-block-group is-layout-constrained wp-block-group-is-layout-constrained\">\n<h2 class=\"wp-block-heading\">Awards &amp; Recognition<\/h2>\n\n\n\n<p>My work has been honored with the <strong>Handsculpted Trophy at Monte San Savino<\/strong>on two occasions, in 2024 and 2025\u2014a meaningful recognition of my commitment to traditional hand sculpting and artisanal miniature creation.<\/p>\n\n\n\n<figure class=\"wp-block-image aligncenter size-full\"><img loading=\"lazy\" decoding=\"async\" width=\"640\" height=\"466\" src=\"https:\/\/www.minimorphsculpts.com\/wp-content\/uploads\/2026\/01\/Trophee.webp\" alt=\"\" class=\"wp-image-819\" srcset=\"https:\/\/www.minimorphsculpts.com\/wp-content\/uploads\/2026\/01\/Trophee.webp 640w, https:\/\/www.minimorphsculpts.com\/wp-content\/uploads\/2026\/01\/Trophee-300x218.webp 300w, https:\/\/www.minimorphsculpts.com\/wp-content\/uploads\/2026\/01\/Trophee-600x437.webp 600w\" sizes=\"auto, (max-width: 640px) 100vw, 640px\" \/><\/figure>\n<\/div>\n\n\n\n<hr class=\"wp-block-separator has-alpha-channel-opacity\"\/>\n\n\n\n<div class=\"wp-block-group is-layout-constrained wp-block-group-is-layout-constrained\">\n<h2 class=\"wp-block-heading\">The Kartel de Grenoble<\/h2>\n\n\n\n<p>I am also a proud member of the <strong><a href=\"https:\/\/www.instagram.com\/kartel.grenoblois\/\" target=\"_blank\" rel=\"noreferrer noopener\">Kartel de Grenoble<\/a><\/strong>, an association of miniature professionals based in Grenoble, France. The Kartel brings together artists with complementary skills, fostering collaboration, knowledge sharing, and creative exchange within the miniature hobby.<\/p>\n\n\n\n<p>The Kartel is composed of:<\/p>\n\n\n\n<ul class=\"wp-block-list\">\n<li><strong><a href=\"https:\/\/www.valletminiaturestudio.com\/\" target=\"_blank\" rel=\"noreferrer noopener\">Alexandre Vallet<\/a><\/strong> \u2013 sculptor et painter<\/li>\n\n\n\n<li><strong><a href=\"https:\/\/www.instagram.com\/dajus.miniatures\/\" target=\"_blank\" rel=\"noreferrer noopener\">Maxime Daguet<\/a><\/strong> \u2013 painter<\/li>\n\n\n\n<li><strong><a href=\"https:\/\/odysseus-studio.my.canva.site\/\" target=\"_blank\" rel=\"noreferrer noopener\">Cl\u00e9ment Trincat<\/a><\/strong> \u2013 painter<\/li>\n\n\n\n<li><strong><a href=\"https:\/\/shades-of-breeze.com\/\" target=\"_blank\" rel=\"noreferrer noopener\">Marine Moulin<\/a><\/strong> \u2013 painter<\/li>\n\n\n\n<li><strong><a href=\"https:\/\/studio-de-saint-chat.odoo.com\/\" target=\"_blank\" rel=\"noreferrer noopener\">Gr\u00e9gory Chassain<\/a><\/strong> \u2013 painter and 3D printer<\/li>\n\n\n\n<li><strong>Myself (David Lefebvre)<\/strong> \u2013 sculptor<\/li>\n<\/ul>\n\n\n\n<p>This collective plays an important role in my artistic journey, pushing me to grow both technically and creatively.<\/p>\n<\/div>\n\n\n\n<hr class=\"wp-block-separator has-alpha-channel-opacity\"\/>\n\n\n\n<p><em>Handsculpted with patience and love.<\/em><\/p>","protected":false},"excerpt":{"rendered":"<p>Des figurines sculpt\u00e9es main, de qualit\u00e9, produite en France Quelques mots sur moi Je m\u2019appelle David Lefebvre, sculpteur grenoblois n\u00e9 en 1986, et je cr\u00e9e des figurines sculpt\u00e9es main pour le jeu, la peinture et la collection. Passionn\u00e9 de figurines depuis l\u2019enfance \u2014 notamment \u00e0 travers Warhammer et les jeux d\u2019escarmouche \u2014 j\u2019ai naturellement commenc\u00e9 [&hellip;]<\/p>\n","protected":false},"author":1,"featured_media":0,"parent":0,"menu_order":0,"comment_status":"closed","ping_status":"closed","template":"","meta":{"footnotes":""},"class_list":["post-64","page","type-page","status-publish","hentry"],"blocksy_meta":[],"yoast_head":"<!-- This site is optimized with the Yoast SEO plugin v27.4 - https:\/\/yoast.com\/product\/yoast-seo-wordpress\/ -->\n<title>About - MiniMorph Sculpts<\/title>\n<meta name=\"description\" content=\"Welcome to MiniMorph Sculpts, original hand-sculpted miniatures for gamers, painters, and collectors. Made in France.\" \/>\n<meta name=\"robots\" content=\"index, follow, max-snippet:-1, max-image-preview:large, max-video-preview:-1\" \/>\n<link rel=\"canonical\" href=\"https:\/\/www.minimorphsculpts.com\/en\/about\/\" \/>\n<meta property=\"og:locale\" content=\"en_US\" \/>\n<meta property=\"og:type\" content=\"article\" \/>\n<meta property=\"og:title\" content=\"About - MiniMorph Sculpts\" \/>\n<meta property=\"og:description\" content=\"Welcome to MiniMorph Sculpts, original hand-sculpted miniatures for gamers, painters, and collectors. Made in France.\" \/>\n<meta property=\"og:url\" content=\"https:\/\/www.minimorphsculpts.com\/en\/about\/\" \/>\n<meta property=\"og:site_name\" content=\"MiniMorph Sculpts\" \/>\n<meta property=\"article:publisher\" content=\"https:\/\/www.facebook.com\/minimorph.sculpts\/\" \/>\n<meta property=\"article:modified_time\" content=\"2026-02-02T14:49:39+00:00\" \/>\n<meta property=\"og:image\" content=\"https:\/\/www.minimorphsculpts.com\/wp-content\/uploads\/2026\/01\/SquirrelsOfDeepwood-1.webp\" \/>\n\t<meta property=\"og:image:width\" content=\"640\" \/>\n\t<meta property=\"og:image:height\" content=\"358\" \/>\n\t<meta property=\"og:image:type\" content=\"image\/webp\" \/>\n<meta name=\"twitter:card\" content=\"summary_large_image\" \/>\n<meta name=\"twitter:label1\" content=\"Est. reading time\" \/>\n\t<meta name=\"twitter:data1\" content=\"4 minutes\" \/>\n<script type=\"application\/ld+json\" class=\"yoast-schema-graph\">{\"@context\":\"https:\\\/\\\/schema.org\",\"@graph\":[{\"@type\":\"WebPage\",\"@id\":\"https:\\\/\\\/www.minimorphsculpts.com\\\/about\\\/\",\"url\":\"https:\\\/\\\/www.minimorphsculpts.com\\\/about\\\/\",\"name\":\"About - MiniMorph Sculpts\",\"isPartOf\":{\"@id\":\"https:\\\/\\\/www.minimorphsculpts.com\\\/#website\"},\"primaryImageOfPage\":{\"@id\":\"https:\\\/\\\/www.minimorphsculpts.com\\\/about\\\/#primaryimage\"},\"image\":{\"@id\":\"https:\\\/\\\/www.minimorphsculpts.com\\\/about\\\/#primaryimage\"},\"thumbnailUrl\":\"https:\\\/\\\/www.minimorphsculpts.com\\\/wp-content\\\/uploads\\\/2026\\\/01\\\/SquirrelsOfDeepwood-1.webp\",\"datePublished\":\"2025-12-14T09:29:44+00:00\",\"dateModified\":\"2026-02-02T14:49:39+00:00\",\"description\":\"Welcome to MiniMorph Sculpts, original hand-sculpted miniatures for gamers, painters, and collectors. Made in France.\",\"breadcrumb\":{\"@id\":\"https:\\\/\\\/www.minimorphsculpts.com\\\/about\\\/#breadcrumb\"},\"inLanguage\":\"en-US\",\"potentialAction\":[{\"@type\":\"ReadAction\",\"target\":[\"https:\\\/\\\/www.minimorphsculpts.com\\\/about\\\/\"]}]},{\"@type\":\"ImageObject\",\"inLanguage\":\"en-US\",\"@id\":\"https:\\\/\\\/www.minimorphsculpts.com\\\/about\\\/#primaryimage\",\"url\":\"https:\\\/\\\/www.minimorphsculpts.com\\\/wp-content\\\/uploads\\\/2026\\\/01\\\/SquirrelsOfDeepwood-1.webp\",\"contentUrl\":\"https:\\\/\\\/www.minimorphsculpts.com\\\/wp-content\\\/uploads\\\/2026\\\/01\\\/SquirrelsOfDeepwood-1.webp\"},{\"@type\":\"BreadcrumbList\",\"@id\":\"https:\\\/\\\/www.minimorphsculpts.com\\\/about\\\/#breadcrumb\",\"itemListElement\":[{\"@type\":\"ListItem\",\"position\":1,\"name\":\"Home\",\"item\":\"https:\\\/\\\/www.minimorphsculpts.com\\\/\"},{\"@type\":\"ListItem\",\"position\":2,\"name\":\"About\"}]},{\"@type\":\"WebSite\",\"@id\":\"https:\\\/\\\/www.minimorphsculpts.com\\\/#website\",\"url\":\"https:\\\/\\\/www.minimorphsculpts.com\\\/\",\"name\":\"MiniMorph Sculpts\",\"description\":\"Quality handsculpted miniatures\",\"publisher\":{\"@id\":\"https:\\\/\\\/www.minimorphsculpts.com\\\/#organization\"},\"potentialAction\":[{\"@type\":\"SearchAction\",\"target\":{\"@type\":\"EntryPoint\",\"urlTemplate\":\"https:\\\/\\\/www.minimorphsculpts.com\\\/?s={search_term_string}\"},\"query-input\":{\"@type\":\"PropertyValueSpecification\",\"valueRequired\":true,\"valueName\":\"search_term_string\"}}],\"inLanguage\":\"en-US\"},{\"@type\":\"Organization\",\"@id\":\"https:\\\/\\\/www.minimorphsculpts.com\\\/#organization\",\"name\":\"MiniMorph Sculpts\",\"url\":\"https:\\\/\\\/www.minimorphsculpts.com\\\/\",\"logo\":{\"@type\":\"ImageObject\",\"inLanguage\":\"en-US\",\"@id\":\"https:\\\/\\\/www.minimorphsculpts.com\\\/#\\\/schema\\\/logo\\\/image\\\/\",\"url\":\"https:\\\/\\\/www.minimorphsculpts.com\\\/wp-content\\\/uploads\\\/2025\\\/12\\\/logo-MM-v2.webp\",\"contentUrl\":\"https:\\\/\\\/www.minimorphsculpts.com\\\/wp-content\\\/uploads\\\/2025\\\/12\\\/logo-MM-v2.webp\",\"width\":1080,\"height\":1080,\"caption\":\"MiniMorph Sculpts\"},\"image\":{\"@id\":\"https:\\\/\\\/www.minimorphsculpts.com\\\/#\\\/schema\\\/logo\\\/image\\\/\"},\"sameAs\":[\"https:\\\/\\\/www.facebook.com\\\/minimorph.sculpts\\\/\",\"https:\\\/\\\/www.instagram.com\\\/minimorph.sculpts\\\/\"]}]}<\/script>\n<!-- \/ Yoast SEO plugin. -->","yoast_head_json":{"title":"About - MiniMorph Sculpts","description":"Welcome to MiniMorph Sculpts, original hand-sculpted miniatures for gamers, painters, and collectors. Made in France.","robots":{"index":"index","follow":"follow","max-snippet":"max-snippet:-1","max-image-preview":"max-image-preview:large","max-video-preview":"max-video-preview:-1"},"canonical":"https:\/\/www.minimorphsculpts.com\/en\/about\/","og_locale":"en_US","og_type":"article","og_title":"About - MiniMorph Sculpts","og_description":"Welcome to MiniMorph Sculpts, original hand-sculpted miniatures for gamers, painters, and collectors. Made in France.","og_url":"https:\/\/www.minimorphsculpts.com\/en\/about\/","og_site_name":"MiniMorph Sculpts","article_publisher":"https:\/\/www.facebook.com\/minimorph.sculpts\/","article_modified_time":"2026-02-02T14:49:39+00:00","og_image":[{"width":640,"height":358,"url":"https:\/\/www.minimorphsculpts.com\/wp-content\/uploads\/2026\/01\/SquirrelsOfDeepwood-1.webp","type":"image\/webp"}],"twitter_card":"summary_large_image","twitter_misc":{"Est. reading time":"4 minutes"},"schema":{"@context":"https:\/\/schema.org","@graph":[{"@type":"WebPage","@id":"https:\/\/www.minimorphsculpts.com\/about\/","url":"https:\/\/www.minimorphsculpts.com\/about\/","name":"About - MiniMorph Sculpts","isPartOf":{"@id":"https:\/\/www.minimorphsculpts.com\/#website"},"primaryImageOfPage":{"@id":"https:\/\/www.minimorphsculpts.com\/about\/#primaryimage"},"image":{"@id":"https:\/\/www.minimorphsculpts.com\/about\/#primaryimage"},"thumbnailUrl":"https:\/\/www.minimorphsculpts.com\/wp-content\/uploads\/2026\/01\/SquirrelsOfDeepwood-1.webp","datePublished":"2025-12-14T09:29:44+00:00","dateModified":"2026-02-02T14:49:39+00:00","description":"Welcome to MiniMorph Sculpts, original hand-sculpted miniatures for gamers, painters, and collectors. Made in France.","breadcrumb":{"@id":"https:\/\/www.minimorphsculpts.com\/about\/#breadcrumb"},"inLanguage":"en-US","potentialAction":[{"@type":"ReadAction","target":["https:\/\/www.minimorphsculpts.com\/about\/"]}]},{"@type":"ImageObject","inLanguage":"en-US","@id":"https:\/\/www.minimorphsculpts.com\/about\/#primaryimage","url":"https:\/\/www.minimorphsculpts.com\/wp-content\/uploads\/2026\/01\/SquirrelsOfDeepwood-1.webp","contentUrl":"https:\/\/www.minimorphsculpts.com\/wp-content\/uploads\/2026\/01\/SquirrelsOfDeepwood-1.webp"},{"@type":"BreadcrumbList","@id":"https:\/\/www.minimorphsculpts.com\/about\/#breadcrumb","itemListElement":[{"@type":"ListItem","position":1,"name":"Home","item":"https:\/\/www.minimorphsculpts.com\/"},{"@type":"ListItem","position":2,"name":"About"}]},{"@type":"WebSite","@id":"https:\/\/www.minimorphsculpts.com\/#website","url":"https:\/\/www.minimorphsculpts.com\/","name":"MiniMorph Sculpts","description":"Quality handsculpted miniatures","publisher":{"@id":"https:\/\/www.minimorphsculpts.com\/#organization"},"potentialAction":[{"@type":"SearchAction","target":{"@type":"EntryPoint","urlTemplate":"https:\/\/www.minimorphsculpts.com\/?s={search_term_string}"},"query-input":{"@type":"PropertyValueSpecification","valueRequired":true,"valueName":"search_term_string"}}],"inLanguage":"en-US"},{"@type":"Organization","@id":"https:\/\/www.minimorphsculpts.com\/#organization","name":"MiniMorph Sculpts","url":"https:\/\/www.minimorphsculpts.com\/","logo":{"@type":"ImageObject","inLanguage":"en-US","@id":"https:\/\/www.minimorphsculpts.com\/#\/schema\/logo\/image\/","url":"https:\/\/www.minimorphsculpts.com\/wp-content\/uploads\/2025\/12\/logo-MM-v2.webp","contentUrl":"https:\/\/www.minimorphsculpts.com\/wp-content\/uploads\/2025\/12\/logo-MM-v2.webp","width":1080,"height":1080,"caption":"MiniMorph Sculpts"},"image":{"@id":"https:\/\/www.minimorphsculpts.com\/#\/schema\/logo\/image\/"},"sameAs":["https:\/\/www.facebook.com\/minimorph.sculpts\/","https:\/\/www.instagram.com\/minimorph.sculpts\/"]}]}},"_links":{"self":[{"href":"https:\/\/www.minimorphsculpts.com\/en\/wp-json\/wp\/v2\/pages\/64","targetHints":{"allow":["GET"]}}],"collection":[{"href":"https:\/\/www.minimorphsculpts.com\/en\/wp-json\/wp\/v2\/pages"}],"about":[{"href":"https:\/\/www.minimorphsculpts.com\/en\/wp-json\/wp\/v2\/types\/page"}],"author":[{"embeddable":true,"href":"https:\/\/www.minimorphsculpts.com\/en\/wp-json\/wp\/v2\/users\/1"}],"replies":[{"embeddable":true,"href":"https:\/\/www.minimorphsculpts.com\/en\/wp-json\/wp\/v2\/comments?post=64"}],"version-history":[{"count":10,"href":"https:\/\/www.minimorphsculpts.com\/en\/wp-json\/wp\/v2\/pages\/64\/revisions"}],"predecessor-version":[{"id":866,"href":"https:\/\/www.minimorphsculpts.com\/en\/wp-json\/wp\/v2\/pages\/64\/revisions\/866"}],"wp:attachment":[{"href":"https:\/\/www.minimorphsculpts.com\/en\/wp-json\/wp\/v2\/media?parent=64"}],"curies":[{"name":"wp","href":"https:\/\/api.w.org\/{rel}","templated":true}]}}