{"id":75,"date":"2025-12-14T09:49:05","date_gmt":"2025-12-14T09:49:05","guid":{"rendered":"http:\/\/www.minimorphsculpts.com\/?page_id=75"},"modified":"2026-02-02T14:53:32","modified_gmt":"2026-02-02T14:53:32","slug":"contact","status":"publish","type":"page","link":"https:\/\/www.minimorphsculpts.com\/en\/contact\/","title":{"rendered":"Contact"},"content":{"rendered":"\n<h1 class=\"wp-block-heading\">Contacte moi !<\/h1>\n\n\n\n<blockquote class=\"wp-block-quote is-layout-flow wp-block-quote-is-layout-flow\">\n<p>Une question sur une figurine, une commande ou un projet \u00e0 venir ?<br>N\u2019h\u00e9site pas \u00e0 me contacter, je te r\u00e9pondrai dans les meilleurs d\u00e9lais.<\/p>\n<\/blockquote>\n\n\n\n<div class=\"wp-block-columns is-layout-flex wp-container-core-columns-is-layout-28f84493 wp-block-columns-is-layout-flex\">\n<div class=\"wp-block-column is-layout-flow wp-block-column-is-layout-flow\" style=\"flex-basis:66.66%\"><style id=\"wpforms-css-vars-102-block-36a9b1f2-3e1c-4129-b5aa-a3c5209f27f7\">\n\t\t\t\t#wpforms-102.wpforms-block-36a9b1f2-3e1c-4129-b5aa-a3c5209f27f7 {\n\t\t\t\t--wpforms-field-size-input-height: 43px;\n--wpforms-field-size-input-spacing: 15px;\n--wpforms-field-size-font-size: 16px;\n--wpforms-field-size-line-height: 19px;\n--wpforms-field-size-padding-h: 14px;\n--wpforms-field-size-checkbox-size: 16px;\n--wpforms-field-size-sublabel-spacing: 5px;\n--wpforms-field-size-icon-size: 1;\n--wpforms-label-size-font-size: 16px;\n--wpforms-label-size-line-height: 19px;\n--wpforms-label-size-sublabel-font-size: 14px;\n--wpforms-label-size-sublabel-line-height: 17px;\n--wpforms-button-size-font-size: 17px;\n--wpforms-button-size-height: 41px;\n--wpforms-button-size-padding-h: 15px;\n--wpforms-button-size-margin-top: 10px;\n\t\t\t}\n\t\t\t<\/style><div class=\"wpforms-container wpforms-container-full wpforms-block wpforms-block-36a9b1f2-3e1c-4129-b5aa-a3c5209f27f7 wpforms-render-modern\" id=\"wpforms-102\"><form id=\"wpforms-form-102\" class=\"wpforms-validate wpforms-form wpforms-ajax-form\" data-formid=\"102\" method=\"post\" enctype=\"multipart\/form-data\" action=\"\/en\/wp-json\/wp\/v2\/pages\/75\" data-token=\"c2db8923c355dff35c4d4c1417e76810\" data-token-time=\"1776607595\"><noscript class=\"wpforms-error-noscript\">Please enable JavaScript in your browser to complete this form.<\/noscript><div id=\"wpforms-error-noscript\" style=\"display: none;\">Please enable JavaScript in your browser to complete this form.<\/div><div class=\"wpforms-field-container\">\t\t<div id=\"wpforms-102-field_5-container\"\n\t\t\tclass=\"wpforms-field wpforms-field-text\"\n\t\t\tdata-field-type=\"text\"\n\t\t\tdata-field-id=\"5\"\n\t\t\t>\n\t\t\t<label class=\"wpforms-field-label\" for=\"wpforms-102-field_5\" >Email personnelles partage<\/label>\n\t\t\t<input type=\"text\" id=\"wpforms-102-field_5\" class=\"wpforms-field-medium\" name=\"wpforms[fields][5]\" >\n\t\t<\/div>\n\t\t<div id=\"wpforms-102-field_1-container\" class=\"wpforms-field wpforms-field-name\" data-field-id=\"1\"><label class=\"wpforms-field-label\" for=\"wpforms-102-field_1\">Nom <span class=\"wpforms-required-label\" aria-hidden=\"true\">*<\/span><\/label><input type=\"text\" id=\"wpforms-102-field_1\" class=\"wpforms-field-medium wpforms-field-required\" name=\"wpforms[fields][1]\" aria-errormessage=\"wpforms-102-field_1-error\" required><\/div><div id=\"wpforms-102-field_2-container\" class=\"wpforms-field wpforms-field-email\" data-field-id=\"2\"><label class=\"wpforms-field-label\" for=\"wpforms-102-field_2\">Email <span class=\"wpforms-required-label\" aria-hidden=\"true\">*<\/span><\/label><input type=\"email\" id=\"wpforms-102-field_2\" class=\"wpforms-field-medium wpforms-field-required\" name=\"wpforms[fields][2]\" spellcheck=\"false\" aria-errormessage=\"wpforms-102-field_2-error\" required><\/div><div id=\"wpforms-102-field_3-container\" class=\"wpforms-field wpforms-field-textarea\" data-field-id=\"3\"><label class=\"wpforms-field-label\" for=\"wpforms-102-field_3\">Message<\/label><textarea id=\"wpforms-102-field_3\" class=\"wpforms-field-medium\" name=\"wpforms[fields][3]\" aria-errormessage=\"wpforms-102-field_3-error\" ><\/textarea><\/div><div id=\"wpforms-102-field_4-container\" class=\"wpforms-field wpforms-field-checkbox\" data-field-id=\"4\"><fieldset><legend class=\"wpforms-field-label\">partage des informations personnelles <span class=\"wpforms-required-label\" aria-hidden=\"true\">*<\/span><\/legend><ul id=\"wpforms-102-field_4\" class=\"wpforms-field-required\"><li class=\"choice-1 depth-1\"><input type=\"checkbox\" id=\"wpforms-102-field_4_1\" name=\"wpforms[fields][4][]\" value=\"En cochant cette case, j\u2019accepte que mes donn\u00e9es personnelles soient utilis\u00e9es uniquement pour traiter ma demande, conform\u00e9ment \u00e0 la politique de confidentialit\u00e9.\" aria-errormessage=\"wpforms-102-field_4_1-error\" required ><label class=\"wpforms-field-label-inline\" for=\"wpforms-102-field_4_1\">En cochant cette case, j\u2019accepte que mes donn\u00e9es personnelles soient utilis\u00e9es uniquement pour traiter ma demande, conform\u00e9ment \u00e0 la politique de confidentialit\u00e9.<\/label><\/li><\/ul><\/fieldset><\/div><script>\n\t\t\t\t( function() {\n\t\t\t\t\tconst style = document.createElement( 'style' );\n\t\t\t\t\tstyle.appendChild( document.createTextNode( '#wpforms-102-field_5-container { position: absolute !important; overflow: hidden !important; display: inline !important; height: 1px !important; width: 1px !important; z-index: -1000 !important; padding: 0 !important; } #wpforms-102-field_5-container input { visibility: hidden; } #wpforms-conversational-form-page #wpforms-102-field_5-container label { counter-increment: none; }' ) );\n\t\t\t\t\tdocument.head.appendChild( style );\n\t\t\t\t\tdocument.currentScript?.remove();\n\t\t\t\t} )();\n\t\t\t<\/script><\/div><!-- .wpforms-field-container --><div class=\"wpforms-submit-container\" ><input type=\"hidden\" name=\"wpforms[id]\" value=\"102\"><input type=\"hidden\" name=\"page_title\" value=\"\"><input type=\"hidden\" name=\"page_url\" value=\"https:\/\/www.minimorphsculpts.com\/en\/wp-json\/wp\/v2\/pages\/75\"><input type=\"hidden\" name=\"url_referer\" value=\"\"><button type=\"submit\" name=\"wpforms[submit]\" id=\"wpforms-submit-102\" class=\"wpforms-submit\" data-alt-text=\"Envoi...\" data-submit-text=\"Envoyer\" aria-live=\"assertive\" value=\"wpforms-submit\">Envoyer<\/button><img loading=\"lazy\" decoding=\"async\" src=\"https:\/\/www.minimorphsculpts.com\/wp-content\/plugins\/wpforms-lite\/assets\/images\/submit-spin.svg\" class=\"wpforms-submit-spinner\" style=\"display: none;\" width=\"26\" height=\"26\" alt=\"Loading\"><\/div><\/form><\/div>  <!-- .wpforms-container --><\/div>\n\n\n\n<div class=\"wp-block-column is-layout-flow wp-block-column-is-layout-flow\" style=\"flex-basis:33.33%\">\n<div class=\"wp-block-group is-layout-constrained wp-block-group-is-layout-constrained\">\n<p><strong>\ud83d\udce7 Email<\/strong><br><a>minimorph.sculpts@gmail.com<\/a><\/p>\n\n\n\n<p><strong>\ud83d\udccd Localisation<\/strong><br>Biviers, France (pr\u00e8s de Grenoble)<\/p>\n\n\n\n<p><strong>\ud83d\udd52 D\u00e9lai de r\u00e9ponse<\/strong><br>Sous 24 \u00e0 48 heures ouvr\u00e9es<\/p>\n\n\n\n<p><strong>\ud83d\udce6 \u00c0 propos des commandes<\/strong><br>Je poste les colis les lundis et jeudis, le reste du temps, je vous pr\u00e9pare des nouveaut\u00e9s <\/p>\n<\/div>\n<\/div>\n<\/div>\n","protected":false},"excerpt":{"rendered":"<p>Contacte moi ! Une question sur une figurine, une commande ou un projet \u00e0 venir ?N\u2019h\u00e9site pas \u00e0 me contacter, je te r\u00e9pondrai dans les meilleurs d\u00e9lais. \ud83d\udce7 Emailminimorph.sculpts@gmail.com \ud83d\udccd LocalisationBiviers, France (pr\u00e8s de Grenoble) \ud83d\udd52 D\u00e9lai de r\u00e9ponseSous 24 \u00e0 48 heures ouvr\u00e9es \ud83d\udce6 \u00c0 propos des commandesJe poste les colis les lundis et [&hellip;]<\/p>\n","protected":false},"author":1,"featured_media":0,"parent":0,"menu_order":0,"comment_status":"closed","ping_status":"closed","template":"","meta":{"footnotes":""},"class_list":["post-75","page","type-page","status-publish","hentry"],"blocksy_meta":[],"yoast_head":"<!-- This site is optimized with the Yoast SEO plugin v27.4 - https:\/\/yoast.com\/product\/yoast-seo-wordpress\/ -->\n<title>Contact - MiniMorph Sculpts<\/title>\n<meta name=\"robots\" content=\"index, follow, max-snippet:-1, max-image-preview:large, max-video-preview:-1\" \/>\n<link rel=\"canonical\" href=\"https:\/\/www.minimorphsculpts.com\/en\/contact\/\" \/>\n<meta property=\"og:locale\" content=\"en_US\" \/>\n<meta property=\"og:type\" content=\"article\" \/>\n<meta property=\"og:title\" content=\"Contact - MiniMorph Sculpts\" \/>\n<meta property=\"og:description\" content=\"Contacte moi ! Une question sur une figurine, une commande ou un projet \u00e0 venir ?N\u2019h\u00e9site pas \u00e0 me contacter, je te r\u00e9pondrai dans les meilleurs d\u00e9lais. \ud83d\udce7 Emailminimorph.sculpts@gmail.com \ud83d\udccd LocalisationBiviers, France (pr\u00e8s de Grenoble) \ud83d\udd52 D\u00e9lai de r\u00e9ponseSous 24 \u00e0 48 heures ouvr\u00e9es \ud83d\udce6 \u00c0 propos des commandesJe poste les colis les lundis et [&hellip;]\" \/>\n<meta property=\"og:url\" content=\"https:\/\/www.minimorphsculpts.com\/en\/contact\/\" \/>\n<meta property=\"og:site_name\" content=\"MiniMorph Sculpts\" \/>\n<meta property=\"article:publisher\" content=\"https:\/\/www.facebook.com\/minimorph.sculpts\/\" \/>\n<meta property=\"article:modified_time\" content=\"2026-02-02T14:53:32+00:00\" \/>\n<meta name=\"twitter:card\" content=\"summary_large_image\" \/>\n<meta name=\"twitter:label1\" content=\"Est. reading time\" \/>\n\t<meta name=\"twitter:data1\" content=\"1 minute\" \/>\n<script type=\"application\/ld+json\" class=\"yoast-schema-graph\">{\"@context\":\"https:\\\/\\\/schema.org\",\"@graph\":[{\"@type\":\"WebPage\",\"@id\":\"https:\\\/\\\/www.minimorphsculpts.com\\\/contact\\\/\",\"url\":\"https:\\\/\\\/www.minimorphsculpts.com\\\/contact\\\/\",\"name\":\"Contact - MiniMorph Sculpts\",\"isPartOf\":{\"@id\":\"https:\\\/\\\/www.minimorphsculpts.com\\\/#website\"},\"datePublished\":\"2025-12-14T09:49:05+00:00\",\"dateModified\":\"2026-02-02T14:53:32+00:00\",\"breadcrumb\":{\"@id\":\"https:\\\/\\\/www.minimorphsculpts.com\\\/contact\\\/#breadcrumb\"},\"inLanguage\":\"en-US\",\"potentialAction\":[{\"@type\":\"ReadAction\",\"target\":[\"https:\\\/\\\/www.minimorphsculpts.com\\\/contact\\\/\"]}]},{\"@type\":\"BreadcrumbList\",\"@id\":\"https:\\\/\\\/www.minimorphsculpts.com\\\/contact\\\/#breadcrumb\",\"itemListElement\":[{\"@type\":\"ListItem\",\"position\":1,\"name\":\"Home\",\"item\":\"https:\\\/\\\/www.minimorphsculpts.com\\\/\"},{\"@type\":\"ListItem\",\"position\":2,\"name\":\"Contact\"}]},{\"@type\":\"WebSite\",\"@id\":\"https:\\\/\\\/www.minimorphsculpts.com\\\/#website\",\"url\":\"https:\\\/\\\/www.minimorphsculpts.com\\\/\",\"name\":\"MiniMorph Sculpts\",\"description\":\"Quality handsculpted miniatures\",\"publisher\":{\"@id\":\"https:\\\/\\\/www.minimorphsculpts.com\\\/#organization\"},\"potentialAction\":[{\"@type\":\"SearchAction\",\"target\":{\"@type\":\"EntryPoint\",\"urlTemplate\":\"https:\\\/\\\/www.minimorphsculpts.com\\\/?s={search_term_string}\"},\"query-input\":{\"@type\":\"PropertyValueSpecification\",\"valueRequired\":true,\"valueName\":\"search_term_string\"}}],\"inLanguage\":\"en-US\"},{\"@type\":\"Organization\",\"@id\":\"https:\\\/\\\/www.minimorphsculpts.com\\\/#organization\",\"name\":\"MiniMorph Sculpts\",\"url\":\"https:\\\/\\\/www.minimorphsculpts.com\\\/\",\"logo\":{\"@type\":\"ImageObject\",\"inLanguage\":\"en-US\",\"@id\":\"https:\\\/\\\/www.minimorphsculpts.com\\\/#\\\/schema\\\/logo\\\/image\\\/\",\"url\":\"https:\\\/\\\/www.minimorphsculpts.com\\\/wp-content\\\/uploads\\\/2025\\\/12\\\/logo-MM-v2.webp\",\"contentUrl\":\"https:\\\/\\\/www.minimorphsculpts.com\\\/wp-content\\\/uploads\\\/2025\\\/12\\\/logo-MM-v2.webp\",\"width\":1080,\"height\":1080,\"caption\":\"MiniMorph Sculpts\"},\"image\":{\"@id\":\"https:\\\/\\\/www.minimorphsculpts.com\\\/#\\\/schema\\\/logo\\\/image\\\/\"},\"sameAs\":[\"https:\\\/\\\/www.facebook.com\\\/minimorph.sculpts\\\/\",\"https:\\\/\\\/www.instagram.com\\\/minimorph.sculpts\\\/\"]}]}<\/script>\n<!-- \/ Yoast SEO plugin. -->","yoast_head_json":{"title":"Contact - MiniMorph Sculpts","robots":{"index":"index","follow":"follow","max-snippet":"max-snippet:-1","max-image-preview":"max-image-preview:large","max-video-preview":"max-video-preview:-1"},"canonical":"https:\/\/www.minimorphsculpts.com\/en\/contact\/","og_locale":"en_US","og_type":"article","og_title":"Contact - MiniMorph Sculpts","og_description":"Contacte moi ! Une question sur une figurine, une commande ou un projet \u00e0 venir ?N\u2019h\u00e9site pas \u00e0 me contacter, je te r\u00e9pondrai dans les meilleurs d\u00e9lais. \ud83d\udce7 Emailminimorph.sculpts@gmail.com \ud83d\udccd LocalisationBiviers, France (pr\u00e8s de Grenoble) \ud83d\udd52 D\u00e9lai de r\u00e9ponseSous 24 \u00e0 48 heures ouvr\u00e9es \ud83d\udce6 \u00c0 propos des commandesJe poste les colis les lundis et [&hellip;]","og_url":"https:\/\/www.minimorphsculpts.com\/en\/contact\/","og_site_name":"MiniMorph Sculpts","article_publisher":"https:\/\/www.facebook.com\/minimorph.sculpts\/","article_modified_time":"2026-02-02T14:53:32+00:00","twitter_card":"summary_large_image","twitter_misc":{"Est. reading time":"1 minute"},"schema":{"@context":"https:\/\/schema.org","@graph":[{"@type":"WebPage","@id":"https:\/\/www.minimorphsculpts.com\/contact\/","url":"https:\/\/www.minimorphsculpts.com\/contact\/","name":"Contact - MiniMorph Sculpts","isPartOf":{"@id":"https:\/\/www.minimorphsculpts.com\/#website"},"datePublished":"2025-12-14T09:49:05+00:00","dateModified":"2026-02-02T14:53:32+00:00","breadcrumb":{"@id":"https:\/\/www.minimorphsculpts.com\/contact\/#breadcrumb"},"inLanguage":"en-US","potentialAction":[{"@type":"ReadAction","target":["https:\/\/www.minimorphsculpts.com\/contact\/"]}]},{"@type":"BreadcrumbList","@id":"https:\/\/www.minimorphsculpts.com\/contact\/#breadcrumb","itemListElement":[{"@type":"ListItem","position":1,"name":"Home","item":"https:\/\/www.minimorphsculpts.com\/"},{"@type":"ListItem","position":2,"name":"Contact"}]},{"@type":"WebSite","@id":"https:\/\/www.minimorphsculpts.com\/#website","url":"https:\/\/www.minimorphsculpts.com\/","name":"MiniMorph Sculpts","description":"Quality handsculpted miniatures","publisher":{"@id":"https:\/\/www.minimorphsculpts.com\/#organization"},"potentialAction":[{"@type":"SearchAction","target":{"@type":"EntryPoint","urlTemplate":"https:\/\/www.minimorphsculpts.com\/?s={search_term_string}"},"query-input":{"@type":"PropertyValueSpecification","valueRequired":true,"valueName":"search_term_string"}}],"inLanguage":"en-US"},{"@type":"Organization","@id":"https:\/\/www.minimorphsculpts.com\/#organization","name":"MiniMorph Sculpts","url":"https:\/\/www.minimorphsculpts.com\/","logo":{"@type":"ImageObject","inLanguage":"en-US","@id":"https:\/\/www.minimorphsculpts.com\/#\/schema\/logo\/image\/","url":"https:\/\/www.minimorphsculpts.com\/wp-content\/uploads\/2025\/12\/logo-MM-v2.webp","contentUrl":"https:\/\/www.minimorphsculpts.com\/wp-content\/uploads\/2025\/12\/logo-MM-v2.webp","width":1080,"height":1080,"caption":"MiniMorph Sculpts"},"image":{"@id":"https:\/\/www.minimorphsculpts.com\/#\/schema\/logo\/image\/"},"sameAs":["https:\/\/www.facebook.com\/minimorph.sculpts\/","https:\/\/www.instagram.com\/minimorph.sculpts\/"]}]}},"_links":{"self":[{"href":"https:\/\/www.minimorphsculpts.com\/en\/wp-json\/wp\/v2\/pages\/75","targetHints":{"allow":["GET"]}}],"collection":[{"href":"https:\/\/www.minimorphsculpts.com\/en\/wp-json\/wp\/v2\/pages"}],"about":[{"href":"https:\/\/www.minimorphsculpts.com\/en\/wp-json\/wp\/v2\/types\/page"}],"author":[{"embeddable":true,"href":"https:\/\/www.minimorphsculpts.com\/en\/wp-json\/wp\/v2\/users\/1"}],"replies":[{"embeddable":true,"href":"https:\/\/www.minimorphsculpts.com\/en\/wp-json\/wp\/v2\/comments?post=75"}],"version-history":[{"count":6,"href":"https:\/\/www.minimorphsculpts.com\/en\/wp-json\/wp\/v2\/pages\/75\/revisions"}],"predecessor-version":[{"id":228,"href":"https:\/\/www.minimorphsculpts.com\/en\/wp-json\/wp\/v2\/pages\/75\/revisions\/228"}],"wp:attachment":[{"href":"https:\/\/www.minimorphsculpts.com\/en\/wp-json\/wp\/v2\/media?parent=75"}],"curies":[{"name":"wp","href":"https:\/\/api.w.org\/{rel}","templated":true}]}}