{"id":569,"date":"2026-01-27T11:02:55","date_gmt":"2026-01-27T11:02:55","guid":{"rendered":"https:\/\/www.minimorphsculpts.com\/?post_type=product&#038;p=569"},"modified":"2026-03-21T09:09:20","modified_gmt":"2026-03-21T09:09:20","slug":"shallow-marsh-barbarians","status":"publish","type":"product","link":"https:\/\/www.minimorphsculpts.com\/en\/product\/shallow-marsh-barbarians\/","title":{"rendered":"Shallow Marsh Barbarians"},"content":{"rendered":"<p>Rejet\u00e9s par la soci\u00e9t\u00e9 des Fermes Libres, de nombreux animaux se sont regroup\u00e9s dans les Landes Brumeuses.<br \/>\nOutcasts of the Free Farms society, animals have began regrouping in the Shallow Marsh. Under the command of the ferocious wild cat Bite Dealer and the shaman Mother Mandragor, they are readying their weapons to exit the fogs and raid the Free Farms to plunder the wealth they have been deprived of.<\/p>\n<p>&nbsp;<\/p>","protected":false},"excerpt":{"rendered":"<p>All 10 miniatures from the Shallow Marsh Barbarians warband<br \/>\n<a href=\"https:\/\/www.minimorphsculpts.com\/en\/product\/bite-dealer-fr\/\">Bite Dealer<\/a>, <a href=\"https:\/\/www.minimorphsculpts.com\/en\/product\/mere-mandragore\/\">Mother Mandragor<\/a>, <a href=\"https:\/\/www.minimorphsculpts.com\/en\/product\/marvin-le-crapaud\/\">Marvin the Toad<\/a>, <a href=\"https:\/\/www.minimorphsculpts.com\/en\/product\/marvin-le-blanc\/\">Marvin the White<\/a>, <a href=\"https:\/\/www.minimorphsculpts.com\/en\/product\/snoop-marten-fr\/\">Snoop Marten<\/a>, <a href=\"https:\/\/www.minimorphsculpts.com\/en\/product\/jackdow-chan-fr\/\">Jackdow Chan<\/a>, <a href=\"https:\/\/www.minimorphsculpts.com\/en\/product\/rage-heart-fr\/\">Rage Heart<\/a>, <a href=\"https:\/\/www.minimorphsculpts.com\/en\/product\/da-boss-fr\/\">Da Boss<\/a>, <a href=\"https:\/\/www.minimorphsculpts.com\/en\/product\/bruzwein-fr\/\">Bru\u2019Zwein<\/a> and <a href=\"https:\/\/www.minimorphsculpts.com\/en\/product\/sneaky-fr\/\">Sneacky<\/a><\/p>\n<p>Concept : MiniMorph Sculpts<br \/>\nSculpture : MiniMorph Sculpts<\/p>\n<p><em>Models are sold unpainted and may require minor assembly (superglue), sold with round bases (40mm (1) and 30mm (9))<\/em><\/p>","protected":false},"featured_media":497,"comment_status":"open","ping_status":"closed","template":"","meta":[],"product_brand":[],"product_cat":[132,128,136],"product_tag":[41,60],"class_list":{"0":"post-569","1":"product","2":"type-product","3":"status-publish","4":"has-post-thumbnail","6":"product_cat-barbares-des-landes-brumeuses","7":"product_cat-figurines-de-jeu","8":"product_cat-packs-de-faction","9":"product_tag-antropomorphic","10":"product_tag-warband","12":"first","13":"instock","14":"sale","15":"featured","16":"shipping-taxable","17":"purchasable","18":"product-type-simple"},"yoast_head":"<!-- This site is optimized with the Yoast SEO plugin v27.3 - https:\/\/yoast.com\/product\/yoast-seo-wordpress\/ -->\n<title>Barbares des Landes Brumeuses - MiniMorph Sculpts<\/title>\n<meta name=\"description\" content=\"28 mm anthropomorphic barbarians miniatures for your skirmish wargames. Hansculpted miniatures cast in high quality resin. Made in France, Grenoble\" \/>\n<meta name=\"robots\" content=\"index, follow, max-snippet:-1, max-image-preview:large, max-video-preview:-1\" \/>\n<link rel=\"canonical\" href=\"https:\/\/www.minimorphsculpts.com\/en\/product\/shallow-marsh-barbarians\/\" \/>\n<meta property=\"og:locale\" content=\"en_US\" \/>\n<meta property=\"og:type\" content=\"article\" \/>\n<meta property=\"og:title\" content=\"Barbares des Landes Brumeuses - MiniMorph Sculpts\" \/>\n<meta property=\"og:description\" content=\"28 mm anthropomorphic barbarians miniatures for your skirmish wargames. Hansculpted miniatures cast in high quality resin. Made in France, Grenoble\" \/>\n<meta property=\"og:url\" content=\"https:\/\/www.minimorphsculpts.com\/en\/product\/shallow-marsh-barbarians\/\" \/>\n<meta property=\"og:site_name\" content=\"MiniMorph Sculpts\" \/>\n<meta property=\"article:publisher\" content=\"https:\/\/www.facebook.com\/minimorph.sculpts\/\" \/>\n<meta property=\"article:modified_time\" content=\"2026-03-21T09:09:20+00:00\" \/>\n<meta property=\"og:image\" content=\"https:\/\/www.minimorphsculpts.com\/wp-content\/uploads\/2026\/01\/shallowmarsh-barbarians.webp\" \/>\n\t<meta property=\"og:image:width\" content=\"1024\" \/>\n\t<meta property=\"og:image:height\" content=\"1024\" \/>\n\t<meta property=\"og:image:type\" content=\"image\/webp\" \/>\n<meta name=\"twitter:card\" content=\"summary_large_image\" \/>\n<meta name=\"twitter:label1\" content=\"Est. reading time\" \/>\n\t<meta name=\"twitter:data1\" content=\"1 minute\" \/>\n<script type=\"application\/ld+json\" class=\"yoast-schema-graph\">{\"@context\":\"https:\\\/\\\/schema.org\",\"@graph\":[{\"@type\":\"WebPage\",\"@id\":\"https:\\\/\\\/www.minimorphsculpts.com\\\/product\\\/shallow-marsh-barbarians\\\/\",\"url\":\"https:\\\/\\\/www.minimorphsculpts.com\\\/product\\\/shallow-marsh-barbarians\\\/\",\"name\":\"Barbares des Landes Brumeuses - MiniMorph Sculpts\",\"isPartOf\":{\"@id\":\"https:\\\/\\\/www.minimorphsculpts.com\\\/#website\"},\"primaryImageOfPage\":{\"@id\":\"https:\\\/\\\/www.minimorphsculpts.com\\\/product\\\/shallow-marsh-barbarians\\\/#primaryimage\"},\"image\":{\"@id\":\"https:\\\/\\\/www.minimorphsculpts.com\\\/product\\\/shallow-marsh-barbarians\\\/#primaryimage\"},\"thumbnailUrl\":\"https:\\\/\\\/www.minimorphsculpts.com\\\/wp-content\\\/uploads\\\/2026\\\/01\\\/shallowmarsh-barbarians.webp\",\"datePublished\":\"2026-01-27T11:02:55+00:00\",\"dateModified\":\"2026-03-21T09:09:20+00:00\",\"description\":\"28 mm anthropomorphic barbarians miniatures for your skirmish wargames. Hansculpted miniatures cast in high quality resin. Made in France, Grenoble\",\"breadcrumb\":{\"@id\":\"https:\\\/\\\/www.minimorphsculpts.com\\\/product\\\/shallow-marsh-barbarians\\\/#breadcrumb\"},\"inLanguage\":\"en-US\",\"potentialAction\":[{\"@type\":\"ReadAction\",\"target\":[\"https:\\\/\\\/www.minimorphsculpts.com\\\/product\\\/shallow-marsh-barbarians\\\/\"]}]},{\"@type\":\"ImageObject\",\"inLanguage\":\"en-US\",\"@id\":\"https:\\\/\\\/www.minimorphsculpts.com\\\/product\\\/shallow-marsh-barbarians\\\/#primaryimage\",\"url\":\"https:\\\/\\\/www.minimorphsculpts.com\\\/wp-content\\\/uploads\\\/2026\\\/01\\\/shallowmarsh-barbarians.webp\",\"contentUrl\":\"https:\\\/\\\/www.minimorphsculpts.com\\\/wp-content\\\/uploads\\\/2026\\\/01\\\/shallowmarsh-barbarians.webp\",\"width\":1024,\"height\":1024},{\"@type\":\"BreadcrumbList\",\"@id\":\"https:\\\/\\\/www.minimorphsculpts.com\\\/product\\\/shallow-marsh-barbarians\\\/#breadcrumb\",\"itemListElement\":[{\"@type\":\"ListItem\",\"position\":1,\"name\":\"Home\",\"item\":\"https:\\\/\\\/www.minimorphsculpts.com\\\/\"},{\"@type\":\"ListItem\",\"position\":2,\"name\":\"Shop\",\"item\":\"https:\\\/\\\/www.minimorphsculpts.com\\\/shop\\\/\"},{\"@type\":\"ListItem\",\"position\":3,\"name\":\"Barbares des Landes Brumeuses\"}]},{\"@type\":\"WebSite\",\"@id\":\"https:\\\/\\\/www.minimorphsculpts.com\\\/#website\",\"url\":\"https:\\\/\\\/www.minimorphsculpts.com\\\/\",\"name\":\"MiniMorph Sculpts\",\"description\":\"Quality handsculpted miniatures\",\"publisher\":{\"@id\":\"https:\\\/\\\/www.minimorphsculpts.com\\\/#organization\"},\"potentialAction\":[{\"@type\":\"SearchAction\",\"target\":{\"@type\":\"EntryPoint\",\"urlTemplate\":\"https:\\\/\\\/www.minimorphsculpts.com\\\/?s={search_term_string}\"},\"query-input\":{\"@type\":\"PropertyValueSpecification\",\"valueRequired\":true,\"valueName\":\"search_term_string\"}}],\"inLanguage\":\"en-US\"},{\"@type\":\"Organization\",\"@id\":\"https:\\\/\\\/www.minimorphsculpts.com\\\/#organization\",\"name\":\"MiniMorph Sculpts\",\"url\":\"https:\\\/\\\/www.minimorphsculpts.com\\\/\",\"logo\":{\"@type\":\"ImageObject\",\"inLanguage\":\"en-US\",\"@id\":\"https:\\\/\\\/www.minimorphsculpts.com\\\/#\\\/schema\\\/logo\\\/image\\\/\",\"url\":\"https:\\\/\\\/www.minimorphsculpts.com\\\/wp-content\\\/uploads\\\/2025\\\/12\\\/logo-MM-v2.webp\",\"contentUrl\":\"https:\\\/\\\/www.minimorphsculpts.com\\\/wp-content\\\/uploads\\\/2025\\\/12\\\/logo-MM-v2.webp\",\"width\":1080,\"height\":1080,\"caption\":\"MiniMorph Sculpts\"},\"image\":{\"@id\":\"https:\\\/\\\/www.minimorphsculpts.com\\\/#\\\/schema\\\/logo\\\/image\\\/\"},\"sameAs\":[\"https:\\\/\\\/www.facebook.com\\\/minimorph.sculpts\\\/\",\"https:\\\/\\\/www.instagram.com\\\/minimorph.sculpts\\\/\"]}]}<\/script>\n<!-- \/ Yoast SEO plugin. -->","yoast_head_json":{"title":"Barbares des Landes Brumeuses - MiniMorph Sculpts","description":"28 mm anthropomorphic barbarians miniatures for your skirmish wargames. Hansculpted miniatures cast in high quality resin. Made in France, Grenoble","robots":{"index":"index","follow":"follow","max-snippet":"max-snippet:-1","max-image-preview":"max-image-preview:large","max-video-preview":"max-video-preview:-1"},"canonical":"https:\/\/www.minimorphsculpts.com\/en\/product\/shallow-marsh-barbarians\/","og_locale":"en_US","og_type":"article","og_title":"Barbares des Landes Brumeuses - MiniMorph Sculpts","og_description":"28 mm anthropomorphic barbarians miniatures for your skirmish wargames. Hansculpted miniatures cast in high quality resin. Made in France, Grenoble","og_url":"https:\/\/www.minimorphsculpts.com\/en\/product\/shallow-marsh-barbarians\/","og_site_name":"MiniMorph Sculpts","article_publisher":"https:\/\/www.facebook.com\/minimorph.sculpts\/","article_modified_time":"2026-03-21T09:09:20+00:00","og_image":[{"width":1024,"height":1024,"url":"https:\/\/www.minimorphsculpts.com\/wp-content\/uploads\/2026\/01\/shallowmarsh-barbarians.webp","type":"image\/webp"}],"twitter_card":"summary_large_image","twitter_misc":{"Est. reading time":"1 minute"},"schema":{"@context":"https:\/\/schema.org","@graph":[{"@type":"WebPage","@id":"https:\/\/www.minimorphsculpts.com\/product\/shallow-marsh-barbarians\/","url":"https:\/\/www.minimorphsculpts.com\/product\/shallow-marsh-barbarians\/","name":"Barbares des Landes Brumeuses - MiniMorph Sculpts","isPartOf":{"@id":"https:\/\/www.minimorphsculpts.com\/#website"},"primaryImageOfPage":{"@id":"https:\/\/www.minimorphsculpts.com\/product\/shallow-marsh-barbarians\/#primaryimage"},"image":{"@id":"https:\/\/www.minimorphsculpts.com\/product\/shallow-marsh-barbarians\/#primaryimage"},"thumbnailUrl":"https:\/\/www.minimorphsculpts.com\/wp-content\/uploads\/2026\/01\/shallowmarsh-barbarians.webp","datePublished":"2026-01-27T11:02:55+00:00","dateModified":"2026-03-21T09:09:20+00:00","description":"28 mm anthropomorphic barbarians miniatures for your skirmish wargames. Hansculpted miniatures cast in high quality resin. Made in France, Grenoble","breadcrumb":{"@id":"https:\/\/www.minimorphsculpts.com\/product\/shallow-marsh-barbarians\/#breadcrumb"},"inLanguage":"en-US","potentialAction":[{"@type":"ReadAction","target":["https:\/\/www.minimorphsculpts.com\/product\/shallow-marsh-barbarians\/"]}]},{"@type":"ImageObject","inLanguage":"en-US","@id":"https:\/\/www.minimorphsculpts.com\/product\/shallow-marsh-barbarians\/#primaryimage","url":"https:\/\/www.minimorphsculpts.com\/wp-content\/uploads\/2026\/01\/shallowmarsh-barbarians.webp","contentUrl":"https:\/\/www.minimorphsculpts.com\/wp-content\/uploads\/2026\/01\/shallowmarsh-barbarians.webp","width":1024,"height":1024},{"@type":"BreadcrumbList","@id":"https:\/\/www.minimorphsculpts.com\/product\/shallow-marsh-barbarians\/#breadcrumb","itemListElement":[{"@type":"ListItem","position":1,"name":"Home","item":"https:\/\/www.minimorphsculpts.com\/"},{"@type":"ListItem","position":2,"name":"Shop","item":"https:\/\/www.minimorphsculpts.com\/shop\/"},{"@type":"ListItem","position":3,"name":"Barbares des Landes Brumeuses"}]},{"@type":"WebSite","@id":"https:\/\/www.minimorphsculpts.com\/#website","url":"https:\/\/www.minimorphsculpts.com\/","name":"MiniMorph Sculpts","description":"Quality handsculpted miniatures","publisher":{"@id":"https:\/\/www.minimorphsculpts.com\/#organization"},"potentialAction":[{"@type":"SearchAction","target":{"@type":"EntryPoint","urlTemplate":"https:\/\/www.minimorphsculpts.com\/?s={search_term_string}"},"query-input":{"@type":"PropertyValueSpecification","valueRequired":true,"valueName":"search_term_string"}}],"inLanguage":"en-US"},{"@type":"Organization","@id":"https:\/\/www.minimorphsculpts.com\/#organization","name":"MiniMorph Sculpts","url":"https:\/\/www.minimorphsculpts.com\/","logo":{"@type":"ImageObject","inLanguage":"en-US","@id":"https:\/\/www.minimorphsculpts.com\/#\/schema\/logo\/image\/","url":"https:\/\/www.minimorphsculpts.com\/wp-content\/uploads\/2025\/12\/logo-MM-v2.webp","contentUrl":"https:\/\/www.minimorphsculpts.com\/wp-content\/uploads\/2025\/12\/logo-MM-v2.webp","width":1080,"height":1080,"caption":"MiniMorph Sculpts"},"image":{"@id":"https:\/\/www.minimorphsculpts.com\/#\/schema\/logo\/image\/"},"sameAs":["https:\/\/www.facebook.com\/minimorph.sculpts\/","https:\/\/www.instagram.com\/minimorph.sculpts\/"]}]}},"_links":{"self":[{"href":"https:\/\/www.minimorphsculpts.com\/en\/wp-json\/wp\/v2\/product\/569","targetHints":{"allow":["GET"]}}],"collection":[{"href":"https:\/\/www.minimorphsculpts.com\/en\/wp-json\/wp\/v2\/product"}],"about":[{"href":"https:\/\/www.minimorphsculpts.com\/en\/wp-json\/wp\/v2\/types\/product"}],"replies":[{"embeddable":true,"href":"https:\/\/www.minimorphsculpts.com\/en\/wp-json\/wp\/v2\/comments?post=569"}],"wp:featuredmedia":[{"embeddable":true,"href":"https:\/\/www.minimorphsculpts.com\/en\/wp-json\/wp\/v2\/media\/497"}],"wp:attachment":[{"href":"https:\/\/www.minimorphsculpts.com\/en\/wp-json\/wp\/v2\/media?parent=569"}],"wp:term":[{"taxonomy":"product_brand","embeddable":true,"href":"https:\/\/www.minimorphsculpts.com\/en\/wp-json\/wp\/v2\/product_brand?post=569"},{"taxonomy":"product_cat","embeddable":true,"href":"https:\/\/www.minimorphsculpts.com\/en\/wp-json\/wp\/v2\/product_cat?post=569"},{"taxonomy":"product_tag","embeddable":true,"href":"https:\/\/www.minimorphsculpts.com\/en\/wp-json\/wp\/v2\/product_tag?post=569"}],"curies":[{"name":"wp","href":"https:\/\/api.w.org\/{rel}","templated":true}]}}