{"id":574,"date":"2026-01-27T11:03:24","date_gmt":"2026-01-27T11:03:24","guid":{"rendered":"https:\/\/www.minimorphsculpts.com\/?post_type=product&#038;p=574"},"modified":"2026-03-02T09:36:29","modified_gmt":"2026-03-02T09:36:29","slug":"freefarms-mercenaries","status":"publish","type":"product","link":"https:\/\/www.minimorphsculpts.com\/en\/product\/freefarms-mercenaries\/","title":{"rendered":"Free Farm Mercenaries"},"content":{"rendered":"<p>Following the recent raids of barbarians from the Shallow Marsh, the Free Farms have united their resources to form a group of mercenaries capable of defending their interests. Equiped with the best weapons and armours of the kingdom and lead by Duckan the great duck captain, the mercenaries are ready to make their stand!<br \/>\n\u00c9quip\u00e9s des meilleures armes et armures du royaume, plac\u00e9s sous le commandement de Duckan, le grand capitaine canard, ils se tiennent pr\u00eats \u00e0 livrer bataille.<\/p>","protected":false},"excerpt":{"rendered":"<p>All 8 miniatures from the FreeFarms Mercenaries warband<br \/>\n<a href=\"https:\/\/www.minimorphsculpts.com\/en\/product\/goosekenecht-fr\/\">Goosekenecht<\/a>, <a href=\"https:\/\/www.minimorphsculpts.com\/en\/product\/capitaine-duckan\/\">Captain Duckan<\/a>, <a href=\"https:\/\/www.minimorphsculpts.com\/en\/product\/quacknor-de-spell-fr\/\">Quacknor De Spell<\/a>, <a href=\"https:\/\/www.minimorphsculpts.com\/en\/product\/sir-roostan-fr\/\">Sir Roostan<\/a>, <a href=\"https:\/\/www.minimorphsculpts.com\/en\/product\/loony-fr\/\">Loony<\/a>, <a href=\"https:\/\/www.minimorphsculpts.com\/en\/product\/ryri\/\">Huan<\/a>, <a href=\"https:\/\/www.minimorphsculpts.com\/en\/product\/fyfi\/\">Dewan<\/a> and <a href=\"https:\/\/www.minimorphsculpts.com\/en\/product\/loulon\/\">Louan<\/a><\/p>\n<p>Concept : MiniMorph Sculpts<br \/>\nSculpture : MiniMorph Sculpts<\/p>\n<p><em>Models are sold unpainted and may require minor assembly (superglue), sold with round bases (50mm (1) 40mm (1) and 30mm (6))<\/em><\/p>","protected":false},"featured_media":438,"comment_status":"open","ping_status":"closed","template":"","meta":[],"product_brand":[],"product_cat":[128,134,136],"product_tag":[41,60],"class_list":{"0":"post-574","1":"product","2":"type-product","3":"status-publish","4":"has-post-thumbnail","6":"product_cat-figurines-de-jeu","7":"product_cat-mercenaires-des-fermes-libres","8":"product_cat-packs-de-faction","9":"product_tag-antropomorphic","10":"product_tag-warband","12":"first","13":"instock","14":"sale","15":"featured","16":"shipping-taxable","17":"purchasable","18":"product-type-simple"},"yoast_head":"<!-- This site is optimized with the Yoast SEO plugin v27.3 - https:\/\/yoast.com\/product\/yoast-seo-wordpress\/ -->\n<title>Mercenaires des Fermes Libres - MiniMorph Sculpts<\/title>\n<meta name=\"description\" content=\"28 mm anthropomorphic mercenaries miniatures for your skirmish wargames. Hansculpted miniatures cast in high quality resin. Made in France, Grenoble\" \/>\n<meta name=\"robots\" content=\"index, follow, max-snippet:-1, max-image-preview:large, max-video-preview:-1\" \/>\n<link rel=\"canonical\" href=\"https:\/\/www.minimorphsculpts.com\/en\/product\/freefarms-mercenaries\/\" \/>\n<meta property=\"og:locale\" content=\"en_US\" \/>\n<meta property=\"og:type\" content=\"article\" \/>\n<meta property=\"og:title\" content=\"Mercenaires des Fermes Libres - MiniMorph Sculpts\" \/>\n<meta property=\"og:description\" content=\"28 mm anthropomorphic mercenaries miniatures for your skirmish wargames. Hansculpted miniatures cast in high quality resin. Made in France, Grenoble\" \/>\n<meta property=\"og:url\" content=\"https:\/\/www.minimorphsculpts.com\/en\/product\/freefarms-mercenaries\/\" \/>\n<meta property=\"og:site_name\" content=\"MiniMorph Sculpts\" \/>\n<meta property=\"article:publisher\" content=\"https:\/\/www.facebook.com\/minimorph.sculpts\/\" \/>\n<meta property=\"article:modified_time\" content=\"2026-03-02T09:36:29+00:00\" \/>\n<meta property=\"og:image\" content=\"https:\/\/www.minimorphsculpts.com\/wp-content\/uploads\/2026\/01\/freefarm-mercenaries.webp\" \/>\n\t<meta property=\"og:image:width\" content=\"1024\" \/>\n\t<meta property=\"og:image:height\" content=\"1024\" \/>\n\t<meta property=\"og:image:type\" content=\"image\/webp\" \/>\n<meta name=\"twitter:card\" content=\"summary_large_image\" \/>\n<meta name=\"twitter:label1\" content=\"Est. reading time\" \/>\n\t<meta name=\"twitter:data1\" content=\"1 minute\" \/>\n<script type=\"application\/ld+json\" class=\"yoast-schema-graph\">{\"@context\":\"https:\\\/\\\/schema.org\",\"@graph\":[{\"@type\":\"WebPage\",\"@id\":\"https:\\\/\\\/www.minimorphsculpts.com\\\/product\\\/freefarms-mercenaries\\\/\",\"url\":\"https:\\\/\\\/www.minimorphsculpts.com\\\/product\\\/freefarms-mercenaries\\\/\",\"name\":\"Mercenaires des Fermes Libres - MiniMorph Sculpts\",\"isPartOf\":{\"@id\":\"https:\\\/\\\/www.minimorphsculpts.com\\\/#website\"},\"primaryImageOfPage\":{\"@id\":\"https:\\\/\\\/www.minimorphsculpts.com\\\/product\\\/freefarms-mercenaries\\\/#primaryimage\"},\"image\":{\"@id\":\"https:\\\/\\\/www.minimorphsculpts.com\\\/product\\\/freefarms-mercenaries\\\/#primaryimage\"},\"thumbnailUrl\":\"https:\\\/\\\/www.minimorphsculpts.com\\\/wp-content\\\/uploads\\\/2026\\\/01\\\/freefarm-mercenaries.webp\",\"datePublished\":\"2026-01-27T11:03:24+00:00\",\"dateModified\":\"2026-03-02T09:36:29+00:00\",\"description\":\"28 mm anthropomorphic mercenaries miniatures for your skirmish wargames. Hansculpted miniatures cast in high quality resin. Made in France, Grenoble\",\"breadcrumb\":{\"@id\":\"https:\\\/\\\/www.minimorphsculpts.com\\\/product\\\/freefarms-mercenaries\\\/#breadcrumb\"},\"inLanguage\":\"en-US\",\"potentialAction\":[{\"@type\":\"ReadAction\",\"target\":[\"https:\\\/\\\/www.minimorphsculpts.com\\\/product\\\/freefarms-mercenaries\\\/\"]}]},{\"@type\":\"ImageObject\",\"inLanguage\":\"en-US\",\"@id\":\"https:\\\/\\\/www.minimorphsculpts.com\\\/product\\\/freefarms-mercenaries\\\/#primaryimage\",\"url\":\"https:\\\/\\\/www.minimorphsculpts.com\\\/wp-content\\\/uploads\\\/2026\\\/01\\\/freefarm-mercenaries.webp\",\"contentUrl\":\"https:\\\/\\\/www.minimorphsculpts.com\\\/wp-content\\\/uploads\\\/2026\\\/01\\\/freefarm-mercenaries.webp\",\"width\":1024,\"height\":1024},{\"@type\":\"BreadcrumbList\",\"@id\":\"https:\\\/\\\/www.minimorphsculpts.com\\\/product\\\/freefarms-mercenaries\\\/#breadcrumb\",\"itemListElement\":[{\"@type\":\"ListItem\",\"position\":1,\"name\":\"Home\",\"item\":\"https:\\\/\\\/www.minimorphsculpts.com\\\/\"},{\"@type\":\"ListItem\",\"position\":2,\"name\":\"Shop\",\"item\":\"https:\\\/\\\/www.minimorphsculpts.com\\\/shop\\\/\"},{\"@type\":\"ListItem\",\"position\":3,\"name\":\"Mercenaires des Fermes Libres\"}]},{\"@type\":\"WebSite\",\"@id\":\"https:\\\/\\\/www.minimorphsculpts.com\\\/#website\",\"url\":\"https:\\\/\\\/www.minimorphsculpts.com\\\/\",\"name\":\"MiniMorph Sculpts\",\"description\":\"Quality handsculpted miniatures\",\"publisher\":{\"@id\":\"https:\\\/\\\/www.minimorphsculpts.com\\\/#organization\"},\"potentialAction\":[{\"@type\":\"SearchAction\",\"target\":{\"@type\":\"EntryPoint\",\"urlTemplate\":\"https:\\\/\\\/www.minimorphsculpts.com\\\/?s={search_term_string}\"},\"query-input\":{\"@type\":\"PropertyValueSpecification\",\"valueRequired\":true,\"valueName\":\"search_term_string\"}}],\"inLanguage\":\"en-US\"},{\"@type\":\"Organization\",\"@id\":\"https:\\\/\\\/www.minimorphsculpts.com\\\/#organization\",\"name\":\"MiniMorph Sculpts\",\"url\":\"https:\\\/\\\/www.minimorphsculpts.com\\\/\",\"logo\":{\"@type\":\"ImageObject\",\"inLanguage\":\"en-US\",\"@id\":\"https:\\\/\\\/www.minimorphsculpts.com\\\/#\\\/schema\\\/logo\\\/image\\\/\",\"url\":\"https:\\\/\\\/www.minimorphsculpts.com\\\/wp-content\\\/uploads\\\/2025\\\/12\\\/logo-MM-v2.webp\",\"contentUrl\":\"https:\\\/\\\/www.minimorphsculpts.com\\\/wp-content\\\/uploads\\\/2025\\\/12\\\/logo-MM-v2.webp\",\"width\":1080,\"height\":1080,\"caption\":\"MiniMorph Sculpts\"},\"image\":{\"@id\":\"https:\\\/\\\/www.minimorphsculpts.com\\\/#\\\/schema\\\/logo\\\/image\\\/\"},\"sameAs\":[\"https:\\\/\\\/www.facebook.com\\\/minimorph.sculpts\\\/\",\"https:\\\/\\\/www.instagram.com\\\/minimorph.sculpts\\\/\"]}]}<\/script>\n<!-- \/ Yoast SEO plugin. -->","yoast_head_json":{"title":"Mercenaires des Fermes Libres - MiniMorph Sculpts","description":"28 mm anthropomorphic mercenaries miniatures for your skirmish wargames. Hansculpted miniatures cast in high quality resin. Made in France, Grenoble","robots":{"index":"index","follow":"follow","max-snippet":"max-snippet:-1","max-image-preview":"max-image-preview:large","max-video-preview":"max-video-preview:-1"},"canonical":"https:\/\/www.minimorphsculpts.com\/en\/product\/freefarms-mercenaries\/","og_locale":"en_US","og_type":"article","og_title":"Mercenaires des Fermes Libres - MiniMorph Sculpts","og_description":"28 mm anthropomorphic mercenaries miniatures for your skirmish wargames. Hansculpted miniatures cast in high quality resin. Made in France, Grenoble","og_url":"https:\/\/www.minimorphsculpts.com\/en\/product\/freefarms-mercenaries\/","og_site_name":"MiniMorph Sculpts","article_publisher":"https:\/\/www.facebook.com\/minimorph.sculpts\/","article_modified_time":"2026-03-02T09:36:29+00:00","og_image":[{"width":1024,"height":1024,"url":"https:\/\/www.minimorphsculpts.com\/wp-content\/uploads\/2026\/01\/freefarm-mercenaries.webp","type":"image\/webp"}],"twitter_card":"summary_large_image","twitter_misc":{"Est. reading time":"1 minute"},"schema":{"@context":"https:\/\/schema.org","@graph":[{"@type":"WebPage","@id":"https:\/\/www.minimorphsculpts.com\/product\/freefarms-mercenaries\/","url":"https:\/\/www.minimorphsculpts.com\/product\/freefarms-mercenaries\/","name":"Mercenaires des Fermes Libres - MiniMorph Sculpts","isPartOf":{"@id":"https:\/\/www.minimorphsculpts.com\/#website"},"primaryImageOfPage":{"@id":"https:\/\/www.minimorphsculpts.com\/product\/freefarms-mercenaries\/#primaryimage"},"image":{"@id":"https:\/\/www.minimorphsculpts.com\/product\/freefarms-mercenaries\/#primaryimage"},"thumbnailUrl":"https:\/\/www.minimorphsculpts.com\/wp-content\/uploads\/2026\/01\/freefarm-mercenaries.webp","datePublished":"2026-01-27T11:03:24+00:00","dateModified":"2026-03-02T09:36:29+00:00","description":"28 mm anthropomorphic mercenaries miniatures for your skirmish wargames. Hansculpted miniatures cast in high quality resin. Made in France, Grenoble","breadcrumb":{"@id":"https:\/\/www.minimorphsculpts.com\/product\/freefarms-mercenaries\/#breadcrumb"},"inLanguage":"en-US","potentialAction":[{"@type":"ReadAction","target":["https:\/\/www.minimorphsculpts.com\/product\/freefarms-mercenaries\/"]}]},{"@type":"ImageObject","inLanguage":"en-US","@id":"https:\/\/www.minimorphsculpts.com\/product\/freefarms-mercenaries\/#primaryimage","url":"https:\/\/www.minimorphsculpts.com\/wp-content\/uploads\/2026\/01\/freefarm-mercenaries.webp","contentUrl":"https:\/\/www.minimorphsculpts.com\/wp-content\/uploads\/2026\/01\/freefarm-mercenaries.webp","width":1024,"height":1024},{"@type":"BreadcrumbList","@id":"https:\/\/www.minimorphsculpts.com\/product\/freefarms-mercenaries\/#breadcrumb","itemListElement":[{"@type":"ListItem","position":1,"name":"Home","item":"https:\/\/www.minimorphsculpts.com\/"},{"@type":"ListItem","position":2,"name":"Shop","item":"https:\/\/www.minimorphsculpts.com\/shop\/"},{"@type":"ListItem","position":3,"name":"Mercenaires des Fermes Libres"}]},{"@type":"WebSite","@id":"https:\/\/www.minimorphsculpts.com\/#website","url":"https:\/\/www.minimorphsculpts.com\/","name":"MiniMorph Sculpts","description":"Quality handsculpted miniatures","publisher":{"@id":"https:\/\/www.minimorphsculpts.com\/#organization"},"potentialAction":[{"@type":"SearchAction","target":{"@type":"EntryPoint","urlTemplate":"https:\/\/www.minimorphsculpts.com\/?s={search_term_string}"},"query-input":{"@type":"PropertyValueSpecification","valueRequired":true,"valueName":"search_term_string"}}],"inLanguage":"en-US"},{"@type":"Organization","@id":"https:\/\/www.minimorphsculpts.com\/#organization","name":"MiniMorph Sculpts","url":"https:\/\/www.minimorphsculpts.com\/","logo":{"@type":"ImageObject","inLanguage":"en-US","@id":"https:\/\/www.minimorphsculpts.com\/#\/schema\/logo\/image\/","url":"https:\/\/www.minimorphsculpts.com\/wp-content\/uploads\/2025\/12\/logo-MM-v2.webp","contentUrl":"https:\/\/www.minimorphsculpts.com\/wp-content\/uploads\/2025\/12\/logo-MM-v2.webp","width":1080,"height":1080,"caption":"MiniMorph Sculpts"},"image":{"@id":"https:\/\/www.minimorphsculpts.com\/#\/schema\/logo\/image\/"},"sameAs":["https:\/\/www.facebook.com\/minimorph.sculpts\/","https:\/\/www.instagram.com\/minimorph.sculpts\/"]}]}},"_links":{"self":[{"href":"https:\/\/www.minimorphsculpts.com\/en\/wp-json\/wp\/v2\/product\/574","targetHints":{"allow":["GET"]}}],"collection":[{"href":"https:\/\/www.minimorphsculpts.com\/en\/wp-json\/wp\/v2\/product"}],"about":[{"href":"https:\/\/www.minimorphsculpts.com\/en\/wp-json\/wp\/v2\/types\/product"}],"replies":[{"embeddable":true,"href":"https:\/\/www.minimorphsculpts.com\/en\/wp-json\/wp\/v2\/comments?post=574"}],"wp:featuredmedia":[{"embeddable":true,"href":"https:\/\/www.minimorphsculpts.com\/en\/wp-json\/wp\/v2\/media\/438"}],"wp:attachment":[{"href":"https:\/\/www.minimorphsculpts.com\/en\/wp-json\/wp\/v2\/media?parent=574"}],"wp:term":[{"taxonomy":"product_brand","embeddable":true,"href":"https:\/\/www.minimorphsculpts.com\/en\/wp-json\/wp\/v2\/product_brand?post=574"},{"taxonomy":"product_cat","embeddable":true,"href":"https:\/\/www.minimorphsculpts.com\/en\/wp-json\/wp\/v2\/product_cat?post=574"},{"taxonomy":"product_tag","embeddable":true,"href":"https:\/\/www.minimorphsculpts.com\/en\/wp-json\/wp\/v2\/product_tag?post=574"}],"curies":[{"name":"wp","href":"https:\/\/api.w.org\/{rel}","templated":true}]}}